{"id":1041,"date":"2023-03-18T15:56:31","date_gmt":"2023-03-18T14:56:31","guid":{"rendered":"http:\/\/localhost:8888\/turancar\/?page_id=1041"},"modified":"2024-12-19T12:09:12","modified_gmt":"2024-12-19T11:09:12","slug":"doprava","status":"publish","type":"page","link":"https:\/\/www.turancar.sk\/autobusove-linky\/doprava\/","title":{"rendered":"Nepravideln\u00e1 doprava"},"content":{"rendered":"\n<h2 class=\"wp-block-heading\">Autobusov\u00e1 doprava TURANCAR<\/h2>\n\n\n\n<p>Vznikom dopravnej spolo\u010dnosti Viliam Turan TURANCAR v roku 1992 sme sa za\u010dali zaobera\u0165 nepravidelnou dopravou os\u00f4b a v nasleduj\u00facich rokoch sme v tejto \u010dinnosti nielen pokra\u010dovali, ale rozvinuli ju do rozmerov uspokojuj\u00facich ak\u00e9ko\u013evek dopravn\u00e9 po\u017eiadavky klientov. S\u00fabe\u017ene sme zamerali rozvoj firmy so zrete\u013eom nielen na obsiahnutie kapacitn\u00fdch mo\u017enost\u00ed vozov\u00e9ho parku inov\u00e1ciou najkvalitnej\u0161\u00edmi vozidlami renomovan\u00fdch zna\u010diek, ale aj zvy\u0161ovan\u00edm profesionality a kvalifikovanosti obsluhy. Na\u0161im historick\u00fdm p\u00f4soben\u00edm v oblastiach medzin\u00e1rodnej aj vn\u00fatro\u0161t\u00e1tnej osobnej<\/p>\n\n\n\n<ul class=\"wp-block-list\">\n<li>nepravidelnej z\u00e1jazdovej dopravy,<\/li>\n\n\n\n<li>pravidelnej linkovej dopravy,<\/li>\n\n\n\n<li>zmluvnej dopravy,<\/li>\n<\/ul>\n\n\n\n<p>sme z\u00edskali v povedom\u00ed verejnosti, na\u0161ich klientov a spolupracovn\u00edkov kredit korektn\u00e9ho a spo\u013eahliv\u00e9ho dopravcu. Nie je probl\u00e9m stretn\u00fa\u0165 na\u0161e autobusy kdeko\u013evek v Eur\u00f3pe pri realiz\u00e1cii pozn\u00e1vac\u00edch z\u00e1jazdov, kyvadlov\u00fdch transferov do dovolenkov\u00fdch destin\u00e1ci\u00ed aj na letisk\u00e1, \u010di link\u00e1ch do v\u00fdznamn\u00fdch miest. Okrem v\u0161etk\u00fdch povinn\u00fdch, ale aj dobrovo\u013en\u00fdch testov bezpe\u010dnostn\u00fdch syst\u00e9mov, technick\u00fdch a emisn\u00fdch kontrol, je aj v\u0161etka d\u00f4le\u017eit\u00e1 dokument\u00e1cia, da\u0148ov\u00e9 registr\u00e1cie, vstupy do miest, zjednodu\u0161en\u00fd syst\u00e9m tankovania a prejazdu spoplatnen\u00fdch \u00fasekov, pre n\u00e1s \u00faplnou samozrejmos\u0165ou. Zoh\u013ead\u0148ujeme v\u0161etky aspekty pre spr\u00edjemnenie a spohodlnenie vykon\u00e1vanej osobnej dopravy.<\/p>\n\n\n\n<p>Sme pripraven\u00ed plnohodnotne poskytn\u00fa\u0165 na\u0161e dopravn\u00e9 slu\u017eby cestovn\u00fdm kancel\u00e1ri\u00e1m, firm\u00e1m, \u0161kol\u00e1m, kolekt\u00edvom ako aj jednotlivcom.<\/p>\n\n\n\n<p>&nbsp;Kolekt\u00edv div\u00edzie osobnej dopravy.&nbsp;&nbsp;&nbsp;<\/p>\n\n\n\n<p><\/p>\n\n\n\n<p><strong>Po\u017eiadavka na cenov\u00fa ponuku<\/strong><\/p>\n\n\n","protected":false},"excerpt":{"rendered":"<p>Autobusov\u00e1 doprava TURANCAR Vznikom dopravnej spolo\u010dnosti Viliam Turan TURANCAR v roku 1992 sme sa za\u010dali zaobera\u0165 nepravidelnou dopravou os\u00f4b a v nasleduj\u00facich rokoch sme v tejto \u010dinnosti nielen pokra\u010dovali, ale rozvinuli ju do rozmerov uspokojuj\u00facich ak\u00e9ko\u013evek dopravn\u00e9 po\u017eiadavky klientov. S\u00fabe\u017ene sme zamerali rozvoj firmy so zrete\u013eom nielen na obsiahnutie kapacitn\u00fdch mo\u017enost\u00ed vozov\u00e9ho parku inov\u00e1ciou najkvalitnej\u0161\u00edmi &hellip;<\/p>\n","protected":false},"author":1,"featured_media":0,"parent":0,"menu_order":0,"comment_status":"closed","ping_status":"closed","template":"","meta":{"_acf_changed":false,"footnotes":""},"class_list":["post-1041","page","type-page","status-publish","hentry"],"acf":[],"_links":{"self":[{"href":"https:\/\/www.turancar.sk\/autobusove-linky\/wp-json\/wp\/v2\/pages\/1041","targetHints":{"allow":["GET"]}}],"collection":[{"href":"https:\/\/www.turancar.sk\/autobusove-linky\/wp-json\/wp\/v2\/pages"}],"about":[{"href":"https:\/\/www.turancar.sk\/autobusove-linky\/wp-json\/wp\/v2\/types\/page"}],"author":[{"embeddable":true,"href":"https:\/\/www.turancar.sk\/autobusove-linky\/wp-json\/wp\/v2\/users\/1"}],"replies":[{"embeddable":true,"href":"https:\/\/www.turancar.sk\/autobusove-linky\/wp-json\/wp\/v2\/comments?post=1041"}],"version-history":[{"count":5,"href":"https:\/\/www.turancar.sk\/autobusove-linky\/wp-json\/wp\/v2\/pages\/1041\/revisions"}],"predecessor-version":[{"id":1222,"href":"https:\/\/www.turancar.sk\/autobusove-linky\/wp-json\/wp\/v2\/pages\/1041\/revisions\/1222"}],"wp:attachment":[{"href":"https:\/\/www.turancar.sk\/autobusove-linky\/wp-json\/wp\/v2\/media?parent=1041"}],"curies":[{"name":"wp","href":"https:\/\/api.w.org\/{rel}","templated":true}]}}