{"id":848,"date":"2023-01-26T09:45:07","date_gmt":"2023-01-26T08:45:07","guid":{"rendered":"http:\/\/localhost:8888\/turancar\/?page_id=848"},"modified":"2026-01-14T07:52:36","modified_gmt":"2026-01-14T06:52:36","slug":"406502-topolcany-nitra-sered-bratislava","status":"publish","type":"page","link":"https:\/\/www.turancar.sk\/autobusove-linky\/406502-topolcany-nitra-sered-bratislava\/","title":{"rendered":"406502 Topo\u013e\u010dany &#8211; Nitra &#8211; Sere\u010f &#8211; Bratislava"},"content":{"rendered":"<a href=\"https:\/\/www.turancar.sk\/autobusove-linky\/wp-content\/uploads\/2026\/01\/406502_2026.pdf\" class=\"pdfemb-viewer\" style=\"\" data-width=\"max\" data-height=\"max\" data-toolbar=\"bottom\" data-toolbar-fixed=\"off\">406502_2026<\/a>","protected":false},"excerpt":{"rendered":"","protected":false},"author":1,"featured_media":0,"parent":0,"menu_order":0,"comment_status":"closed","ping_status":"closed","template":"","meta":{"_acf_changed":false,"footnotes":""},"class_list":["post-848","page","type-page","status-publish","hentry"],"acf":[],"_links":{"self":[{"href":"https:\/\/www.turancar.sk\/autobusove-linky\/wp-json\/wp\/v2\/pages\/848","targetHints":{"allow":["GET"]}}],"collection":[{"href":"https:\/\/www.turancar.sk\/autobusove-linky\/wp-json\/wp\/v2\/pages"}],"about":[{"href":"https:\/\/www.turancar.sk\/autobusove-linky\/wp-json\/wp\/v2\/types\/page"}],"author":[{"embeddable":true,"href":"https:\/\/www.turancar.sk\/autobusove-linky\/wp-json\/wp\/v2\/users\/1"}],"replies":[{"embeddable":true,"href":"https:\/\/www.turancar.sk\/autobusove-linky\/wp-json\/wp\/v2\/comments?post=848"}],"version-history":[{"count":8,"href":"https:\/\/www.turancar.sk\/autobusove-linky\/wp-json\/wp\/v2\/pages\/848\/revisions"}],"predecessor-version":[{"id":1278,"href":"https:\/\/www.turancar.sk\/autobusove-linky\/wp-json\/wp\/v2\/pages\/848\/revisions\/1278"}],"wp:attachment":[{"href":"https:\/\/www.turancar.sk\/autobusove-linky\/wp-json\/wp\/v2\/media?parent=848"}],"curies":[{"name":"wp","href":"https:\/\/api.w.org\/{rel}","templated":true}]}}