{"id":899,"date":"2023-01-26T11:19:29","date_gmt":"2023-01-26T10:19:29","guid":{"rendered":"http:\/\/localhost:8888\/turancar\/?page_id=899"},"modified":"2024-12-19T12:09:58","modified_gmt":"2024-12-19T11:09:58","slug":"kariera","status":"publish","type":"page","link":"https:\/\/www.turancar.sk\/autobusove-linky\/kariera\/","title":{"rendered":"Kari\u00e9ra"},"content":{"rendered":"\n<p><strong>Vodi\u010d pravidelnej dia\u013ekovej a medzin\u00e1rodnej autobusovej dopravy<\/strong><\/p>\n\n\n\n<p><strong><em>Miesto pr\u00e1ce<\/em><\/strong>&nbsp;Slovensko, Zahrani\u010die \u2013 ostatn\u00e9 (Pr\u00e1ca vy\u017eaduje cestovanie)&nbsp;<\/p>\n\n\n\n<p><strong><em>Druh pracovn\u00e9ho pomeru<\/em><\/strong>&nbsp;pln\u00fd \u00fav\u00e4zok, skr\u00e1ten\u00fd \u00fav\u00e4zok&nbsp;<\/p>\n\n\n\n<p><strong><em>Term\u00edn n\u00e1stupu<\/em><\/strong>&nbsp;dohodou&nbsp;<\/p>\n\n\n\n<p><strong><em>Mzdov\u00e9 podmienky (brutto)<\/em><\/strong>&nbsp;1 200 \u2013 1 900 EUR\/mesiac v z\u00e1vislosti od linky, po\u010dtu odpracovan\u00fdch dn\u00ed a pracovn\u00e9ho \u00fav\u00e4zku&nbsp;<\/p>\n\n\n\n<p><strong><em>N\u00e1pl\u0148 pr\u00e1ce, pr\u00e1vomoci a&nbsp;zodpovednosti<\/em><\/strong><\/p>\n\n\n\n<p>Spolo\u010dnos\u0165&nbsp;<strong>TURANCAR&nbsp;<\/strong>je na slovenskom trhu u\u017e viac ako 30 rokov. Zameriavame sa na autobusov\u00fa dopravu nielen na Slovensku, na\u0161i klienti s nami cestuj\u00fa po celej Eur\u00f3pe. N\u00e1\u0161 vozov\u00fd park je obrovsk\u00fd a my do skvel\u00e9ho kolekt\u00edvu na\u0161ich vodi\u010dov h\u013ead\u00e1me \u010fal\u0161ieho par\u0165\u00e1ka, ktor\u00e9mu budeme v\u017edy m\u00e1va\u0165, ke\u010f bude prech\u00e1dza\u0165 okolo! H\u013ead\u00e1me v\u00e1\u0161niv\u00e9ho cestovate\u013ea a t\u00edmov\u00e9ho hr\u00e1\u010da, ktor\u00fd m\u00e1 aspo\u0148 dvojro\u010dn\u00e9 sk\u00fasenosti so \u0161of\u00e9rovan\u00edm autobusu a r\u00e1d sa k n\u00e1m prid\u00e1 ako vodi\u010d na dia\u013ekov\u00fdch a medzin\u00e1rodn\u00fdch link\u00e1ch. T\u00e1to pr\u00e1ca si vy\u017eaduje cestovanie a naozaj sa ned\u00e1 sa robi\u0165 na home office \ud83d\ude42<\/p>\n\n\n\n<p><strong>Zamestnaneck\u00e9 v\u00fdhody, benefity<\/strong><\/p>\n\n\n\n<p>\u25cf firemn\u00fd telef\u00f3n s pr\u00edstupom na internet<br>\u25cf stravn\u00e9 \/di\u00e9ty<br>\u25cf z\u00e1zemie stabilnej firmy<br>\u25cf pravideln\u00e9 \u0161kolenia na zvy\u0161ovanie kvalifik\u00e1cie<br>\u25cf v\u00fdrazn\u00e9 z\u013eavy na dovolenky s CK TURANCAR<br>\u25cf modern\u00fd vozov\u00fd park autobusov Setra<\/p>\n\n\n\n<p><strong><em>Po\u017eiadavky na zamestnanca<\/em><\/strong><\/p>\n\n\n\n<p><em>Poz\u00edcii vyhovuj\u00fa uch\u00e1dza\u010di so vzdelan\u00edm<\/em><\/p>\n\n\n\n<p>stredo\u0161kolsk\u00e9 bez maturity<br>stredo\u0161kolsk\u00e9 s maturitou<br>nadstavbov\u00e9\/vy\u0161\u0161ie odborn\u00e9 vzdelanie<\/p>\n\n\n\n<p><strong><em>Vodi\u010dsk\u00fd preukaz<\/em><\/strong><\/p>\n\n\n\n<p>D<\/p>\n\n\n\n<p>Prax na poz\u00edcii\/v oblasti vodi\u010d autobusu<\/p>\n\n\n\n<p><strong><em>Po\u010det rokov praxe<\/em><\/strong><\/p>\n\n\n\n<p>2<\/p>\n\n\n\n<p><strong><em>Osobnostn\u00e9 predpoklady a zru\u010dnosti<\/em><\/strong><\/p>\n\n\n\n<p>\u2013 kvalifika\u010dn\u00e1 karta vodi\u010da<br>\u2013 doklad o zdravotnej sp\u00f4sobilosti vodi\u010da<br>\u2013 doklad o psychickej sp\u00f4sobilosti vodi\u010da<br>\u2013 pr\u00edjemn\u00e9, nekonfliktn\u00e9 vystupovanie<br>\u2013 zodpovedn\u00fd pr\u00edstup k pr\u00e1ci, \u013eu\u010fom a zverenej technike<br>\u2013 t\u00edmov\u00fd hr\u00e1\u010d<br>\u2013 v\u00fdhodou anglick\u00fd, nemeck\u00fd jazyk<\/p>\n","protected":false},"excerpt":{"rendered":"<p>Vodi\u010d pravidelnej dia\u013ekovej a medzin\u00e1rodnej autobusovej dopravy Miesto pr\u00e1ce&nbsp;Slovensko, Zahrani\u010die \u2013 ostatn\u00e9 (Pr\u00e1ca vy\u017eaduje cestovanie)&nbsp; Druh pracovn\u00e9ho pomeru&nbsp;pln\u00fd \u00fav\u00e4zok, skr\u00e1ten\u00fd \u00fav\u00e4zok&nbsp; Term\u00edn n\u00e1stupu&nbsp;dohodou&nbsp; Mzdov\u00e9 podmienky (brutto)&nbsp;1 200 \u2013 1 900 EUR\/mesiac v z\u00e1vislosti od linky, po\u010dtu odpracovan\u00fdch dn\u00ed a pracovn\u00e9ho \u00fav\u00e4zku&nbsp; N\u00e1pl\u0148 pr\u00e1ce, pr\u00e1vomoci a&nbsp;zodpovednosti Spolo\u010dnos\u0165&nbsp;TURANCAR&nbsp;je na slovenskom trhu u\u017e viac ako 30 rokov. Zameriavame &hellip;<\/p>\n","protected":false},"author":1,"featured_media":0,"parent":0,"menu_order":0,"comment_status":"closed","ping_status":"closed","template":"","meta":{"_acf_changed":false,"footnotes":""},"class_list":["post-899","page","type-page","status-publish","hentry"],"acf":[],"_links":{"self":[{"href":"https:\/\/www.turancar.sk\/autobusove-linky\/wp-json\/wp\/v2\/pages\/899","targetHints":{"allow":["GET"]}}],"collection":[{"href":"https:\/\/www.turancar.sk\/autobusove-linky\/wp-json\/wp\/v2\/pages"}],"about":[{"href":"https:\/\/www.turancar.sk\/autobusove-linky\/wp-json\/wp\/v2\/types\/page"}],"author":[{"embeddable":true,"href":"https:\/\/www.turancar.sk\/autobusove-linky\/wp-json\/wp\/v2\/users\/1"}],"replies":[{"embeddable":true,"href":"https:\/\/www.turancar.sk\/autobusove-linky\/wp-json\/wp\/v2\/comments?post=899"}],"version-history":[{"count":3,"href":"https:\/\/www.turancar.sk\/autobusove-linky\/wp-json\/wp\/v2\/pages\/899\/revisions"}],"predecessor-version":[{"id":1223,"href":"https:\/\/www.turancar.sk\/autobusove-linky\/wp-json\/wp\/v2\/pages\/899\/revisions\/1223"}],"wp:attachment":[{"href":"https:\/\/www.turancar.sk\/autobusove-linky\/wp-json\/wp\/v2\/media?parent=899"}],"curies":[{"name":"wp","href":"https:\/\/api.w.org\/{rel}","templated":true}]}}