{"id":978,"date":"2023-02-13T14:52:12","date_gmt":"2023-02-13T13:52:12","guid":{"rendered":"http:\/\/localhost:8888\/turancar\/?page_id=978"},"modified":"2024-12-19T12:10:45","modified_gmt":"2024-12-19T11:10:45","slug":"preprava-batoziny","status":"publish","type":"page","link":"https:\/\/www.turancar.sk\/autobusove-linky\/preprava-batoziny\/","title":{"rendered":"Preprava bato\u017einy"},"content":{"rendered":"<p>Dovozn\u00e9 (cena za prepravu bato\u017einy)<br \/>\nJedna pr\u00edru\u010dn\u00e1 bato\u017eina (max. rozmery 20 x 30 x 50 cm) sa\u00a0 prepravuje bezplatne. Cestuj\u00faci m\u00e1 n\u00e1rok na prepravu 1 ks bato\u017einy, s maxim\u00e1lnymi rozmermi 60 x 90 x 40 cm a maxim\u00e1lnou hmotnos\u0165ou 25 kg\/ks. Nadrozmern\u00e1 a objemn\u00e1 bato\u017eina sa po\u010d\u00edta ako druh\u00fd a \u010fal\u0161\u00ed kus bato\u017einy. Druh\u00fa a \u010fal\u0161iu bato\u017einu pr\u00edjme objedn\u00e1vate\u013e na prepravu, len ak je v autobuse na jej ulo\u017eenie vo\u013en\u00e9 miesto. N\u00e1rok na prepravu druhej a \u010fal\u0161\u00edch bato\u017e\u00edn neexistuje. Maxim\u00e1lna hmotnos\u0165 v\u0161etk\u00fdch prepravovan\u00fdch bato\u017e\u00edn na osobu je 50 kg. Bato\u017eina mus\u00ed by\u0165 ozna\u010den\u00e1 menom majite\u013ea.<\/p>\n<p>Cena za prepravu bato\u017einy v r\u00e1mci Slovenska okrem trasy Nitra &#8211; Bratislava:<br \/>\nCena bato\u017einy je 0,50.-\u20ac<\/p>\n<p>Cena za prepravu bato\u017einy na link\u00e1ch do Prahy:<br \/>\nZadarmo<\/p>\n<p>Podmienky prepravy bato\u017einy<br \/>\nBato\u017eina v bato\u017einovom priestore mus\u00ed by\u0165 ozna\u010den\u00e1 n\u00e1lepkou s menom cestuj\u00faceho a jeho adresou.<\/p>\n<p>Preprava bato\u017einy bez cestuj\u00faceho je zak\u00e1zan\u00e1. Reklam\u00e1cia za stratu, alebo po\u0161kodenie bato\u017einy mus\u00ed by\u0165 cestuj\u00facim vykonan\u00e1 okam\u017eite po ukon\u010den\u00ed prepravy p\u00edsomne potvrden\u00e1 vodi\u010dom.<\/p>\n<p>Od\u0161kodnenie v pr\u00edpade po\u0161kodenia, alebo straty bato\u017einy nem\u00f4\u017ee prevy\u0161ova\u0165 sumu 166.-\u20ac\u00a0 za jednu bato\u017einu, maxim\u00e1lne v\u0161ak 330.-\u20ac\u00a0 na jedn\u00e9ho cestuj\u00faceho.<\/p>\n","protected":false},"excerpt":{"rendered":"<p>Dovozn\u00e9 (cena za prepravu bato\u017einy) Jedna pr\u00edru\u010dn\u00e1 bato\u017eina (max. rozmery 20 x 30 x 50 cm) sa\u00a0 prepravuje bezplatne. Cestuj\u00faci m\u00e1 n\u00e1rok na prepravu 1 ks bato\u017einy, s maxim\u00e1lnymi rozmermi 60 x 90 x 40 cm a maxim\u00e1lnou hmotnos\u0165ou 25 kg\/ks. Nadrozmern\u00e1 a objemn\u00e1 bato\u017eina sa po\u010d\u00edta ako druh\u00fd a \u010fal\u0161\u00ed kus bato\u017einy. Druh\u00fa a &hellip;<\/p>\n","protected":false},"author":1,"featured_media":0,"parent":0,"menu_order":0,"comment_status":"closed","ping_status":"closed","template":"","meta":{"_acf_changed":false,"footnotes":""},"class_list":["post-978","page","type-page","status-publish","hentry"],"acf":[],"_links":{"self":[{"href":"https:\/\/www.turancar.sk\/autobusove-linky\/wp-json\/wp\/v2\/pages\/978","targetHints":{"allow":["GET"]}}],"collection":[{"href":"https:\/\/www.turancar.sk\/autobusove-linky\/wp-json\/wp\/v2\/pages"}],"about":[{"href":"https:\/\/www.turancar.sk\/autobusove-linky\/wp-json\/wp\/v2\/types\/page"}],"author":[{"embeddable":true,"href":"https:\/\/www.turancar.sk\/autobusove-linky\/wp-json\/wp\/v2\/users\/1"}],"replies":[{"embeddable":true,"href":"https:\/\/www.turancar.sk\/autobusove-linky\/wp-json\/wp\/v2\/comments?post=978"}],"version-history":[{"count":3,"href":"https:\/\/www.turancar.sk\/autobusove-linky\/wp-json\/wp\/v2\/pages\/978\/revisions"}],"predecessor-version":[{"id":1225,"href":"https:\/\/www.turancar.sk\/autobusove-linky\/wp-json\/wp\/v2\/pages\/978\/revisions\/1225"}],"wp:attachment":[{"href":"https:\/\/www.turancar.sk\/autobusove-linky\/wp-json\/wp\/v2\/media?parent=978"}],"curies":[{"name":"wp","href":"https:\/\/api.w.org\/{rel}","templated":true}]}}